{"id":24,"date":"2020-03-18T09:10:17","date_gmt":"2020-03-18T09:10:17","guid":{"rendered":"https:\/\/wisa-heizung.de\/?page_id=24"},"modified":"2022-08-08T17:07:24","modified_gmt":"2022-08-08T15:07:24","slug":"ueber-uns","status":"publish","type":"page","link":"https:\/\/wisa-heizung.de\/?page_id=24","title":{"rendered":"\u00dcber uns"},"content":{"rendered":"\n<p><mark style=\"background-color:rgba(0, 0, 0, 0)\" class=\"has-inline-color has-white-color\"><strong>Was ist<\/strong> <strong>eine mobile Heizung und was kann sie leisten?<\/strong><\/mark><\/p>\n\n\n\n<p>Wie der Name bereits vermuten l\u00e4sst, handelt es sich bei einer mobilen Heizung um eine ortsver\u00e4nderliche Anlage zur W\u00e4rmeerzeugung.<br>Sie sorgt vor\u00fcbergehend f\u00fcr W\u00e4rme und stellt sicher, dass Geb\u00e4ude im Winter nicht ausk\u00fchlen oder Baustellen den Estrich trocknen k\u00f6nnen, ohne jegliche Fremdenergie zu nutzen.<\/p>\n\n\n\n<p>Unsere selbst konzipierten und hergestellten Heizmobile sind:<\/p>\n\n\n\n<ul class=\"wp-block-list\"><li>Autark<\/li><li>Leistungsstark<\/li><li>Immer und \u00fcberall einsetzbar &nbsp;<\/li><\/ul>\n\n\n\n<p><\/p>\n","protected":false},"excerpt":{"rendered":"<p>Was ist eine mobile Heizung und was kann sie leisten? Wie der Name bereits vermuten l\u00e4sst, handelt es sich bei einer mobilen Heizung um eine ortsver\u00e4nderliche Anlage zur W\u00e4rmeerzeugung.Sie sorgt vor\u00fcbergehend f\u00fcr W\u00e4rme und stellt sicher, dass Geb\u00e4ude im Winter nicht ausk\u00fchlen oder Baustellen den Estrich trocknen k\u00f6nnen, ohne jegliche Fremdenergie zu nutzen. Unsere selbst &hellip; <\/p>\n<p class=\"link-more\"><a href=\"https:\/\/wisa-heizung.de\/?page_id=24\" class=\"more-link\"><span class=\"screen-reader-text\">\u201e\u00dcber uns\u201c<\/span> weiterlesen<\/a><\/p>\n","protected":false},"author":1,"featured_media":56,"parent":0,"menu_order":0,"comment_status":"closed","ping_status":"closed","template":"","meta":{"footnotes":""},"class_list":["post-24","page","type-page","status-publish","has-post-thumbnail","hentry"],"_links":{"self":[{"href":"https:\/\/wisa-heizung.de\/index.php?rest_route=\/wp\/v2\/pages\/24","targetHints":{"allow":["GET"]}}],"collection":[{"href":"https:\/\/wisa-heizung.de\/index.php?rest_route=\/wp\/v2\/pages"}],"about":[{"href":"https:\/\/wisa-heizung.de\/index.php?rest_route=\/wp\/v2\/types\/page"}],"author":[{"embeddable":true,"href":"https:\/\/wisa-heizung.de\/index.php?rest_route=\/wp\/v2\/users\/1"}],"replies":[{"embeddable":true,"href":"https:\/\/wisa-heizung.de\/index.php?rest_route=%2Fwp%2Fv2%2Fcomments&post=24"}],"version-history":[{"count":8,"href":"https:\/\/wisa-heizung.de\/index.php?rest_route=\/wp\/v2\/pages\/24\/revisions"}],"predecessor-version":[{"id":136,"href":"https:\/\/wisa-heizung.de\/index.php?rest_route=\/wp\/v2\/pages\/24\/revisions\/136"}],"wp:featuredmedia":[{"embeddable":true,"href":"https:\/\/wisa-heizung.de\/index.php?rest_route=\/wp\/v2\/media\/56"}],"wp:attachment":[{"href":"https:\/\/wisa-heizung.de\/index.php?rest_route=%2Fwp%2Fv2%2Fmedia&parent=24"}],"curies":[{"name":"wp","href":"https:\/\/api.w.org\/{rel}","templated":true}]}}